{"id":9,"date":"2013-04-28T13:04:40","date_gmt":"2013-04-28T13:04:40","guid":{"rendered":"http:\/\/192.168.100.10\/wordpress\/?page_id=9"},"modified":"2015-05-26T23:01:02","modified_gmt":"2015-05-26T21:01:02","slug":"recept-satemarinade-mam","status":"publish","type":"page","link":"https:\/\/recepten.destreel.nl\/?page_id=9","title":{"rendered":"Sat\u00e9marinade &#8211; Mam"},"content":{"rendered":"<p><strong>Ingredi\u00ebnten<\/strong><\/p>\n<ul>\n<li>\u00bd kg kipfilet<\/li>\n<li>1 teentje knoflook (als erg klein dan twee)<\/li>\n<li>1 ui gemiddeld<\/li>\n<li>1 scheutje citroensap<\/li>\n<li>1 theelepel (afgestreken) djah\u00e9 (gemberpoeder)<\/li>\n<li>1 theelepel (opgebold) ketoembar<\/li>\n<li>Ketjap medja (kruik)<\/li>\n<\/ul>\n<p><strong>Bereidingswijze<\/strong><br \/>\nDoe de volgende ingredi\u00ebnten in een kom:<br \/>\n1 versnipperde ui<br \/>\n1 geperst teentje knoflook<br \/>\n1 scheut citroensap<br \/>\n1 theelepel (afgestreken) djah\u00e9 (gemberpoeder)<br \/>\n1 theelepel (opgebold) ketoembar<br \/>\n\u00bd kg in blokken gesneden kipfilet, niet te grof<br \/>\neventueel nog een scheutje olie<\/p>\n<p>Voeg tot slot zoveel ketjap toe dat alle kip ervan voorzien is.<br \/>\nLaat de marinade minimaal een dag staan. Liefst langer.<\/p>\n","protected":false},"excerpt":{"rendered":"<p>Ingredi\u00ebnten \u00bd kg kipfilet 1 teentje knoflook (als erg klein dan twee) 1 ui gemiddeld 1 scheutje citroensap 1 theelepel (afgestreken) djah\u00e9 (gemberpoeder) 1 theelepel (opgebold) ketoembar Ketjap medja (kruik) Bereidingswijze Doe de volgende ingredi\u00ebnten in een kom: 1 versnipperde ui 1 geperst teentje knoflook 1 scheut citroensap 1 theelepel (afgestreken) djah\u00e9 (gemberpoeder) 1 theelepel [&hellip;]<\/p>\n","protected":false},"author":1,"featured_media":368,"parent":21,"menu_order":0,"comment_status":"open","ping_status":"open","template":"","meta":{"footnotes":""},"class_list":["post-9","page","type-page","status-publish","has-post-thumbnail","hentry"],"_links":{"self":[{"href":"https:\/\/recepten.destreel.nl\/index.php?rest_route=\/wp\/v2\/pages\/9","targetHints":{"allow":["GET"]}}],"collection":[{"href":"https:\/\/recepten.destreel.nl\/index.php?rest_route=\/wp\/v2\/pages"}],"about":[{"href":"https:\/\/recepten.destreel.nl\/index.php?rest_route=\/wp\/v2\/types\/page"}],"author":[{"embeddable":true,"href":"https:\/\/recepten.destreel.nl\/index.php?rest_route=\/wp\/v2\/users\/1"}],"replies":[{"embeddable":true,"href":"https:\/\/recepten.destreel.nl\/index.php?rest_route=%2Fwp%2Fv2%2Fcomments&post=9"}],"version-history":[{"count":12,"href":"https:\/\/recepten.destreel.nl\/index.php?rest_route=\/wp\/v2\/pages\/9\/revisions"}],"predecessor-version":[{"id":614,"href":"https:\/\/recepten.destreel.nl\/index.php?rest_route=\/wp\/v2\/pages\/9\/revisions\/614"}],"up":[{"embeddable":true,"href":"https:\/\/recepten.destreel.nl\/index.php?rest_route=\/wp\/v2\/pages\/21"}],"wp:featuredmedia":[{"embeddable":true,"href":"https:\/\/recepten.destreel.nl\/index.php?rest_route=\/wp\/v2\/media\/368"}],"wp:attachment":[{"href":"https:\/\/recepten.destreel.nl\/index.php?rest_route=%2Fwp%2Fv2%2Fmedia&parent=9"}],"curies":[{"name":"wp","href":"https:\/\/api.w.org\/{rel}","templated":true}]}}